{"id":1002,"date":"2025-02-15T10:46:59","date_gmt":"2025-02-15T10:46:59","guid":{"rendered":"https:\/\/www.luzoceandrive.com\/faqs\/"},"modified":"2025-02-15T10:55:53","modified_gmt":"2025-02-15T10:55:53","slug":"faqs","status":"publish","type":"page","link":"https:\/\/www.luzoceandrive.com\/en\/faqs\/","title":{"rendered":"Faqs"},"content":{"rendered":"<p>[et_pb_section fb_built=&#8221;1&#8243; _builder_version=&#8221;4.16&#8243; background_color=&#8221;rgba(0,0,0,0)&#8221; custom_padding=&#8221;100px||100px|||&#8221; global_colors_info=&#8221;{}&#8221;][et_pb_row _builder_version=&#8221;4.16&#8243; background_color=&#8221;#ffffff&#8221; width=&#8221;90%&#8221; custom_padding=&#8221;45px|20px||20px|false|true&#8221; global_colors_info=&#8221;{}&#8221;][et_pb_column type=&#8221;4_4&#8243; _builder_version=&#8221;4.16&#8243; global_colors_info=&#8221;{}&#8221;][et_pb_text _builder_version=&#8221;4.27.4&#8243; header_font=&#8221;|700|||||||&#8221; header_text_align=&#8221;center&#8221; header_text_color=&#8221;#000000&#8243; header_font_size=&#8221;35px&#8221; header_line_height=&#8221;1.3em&#8221; global_colors_info=&#8221;{}&#8221;]<\/p>\n<h1>FAQ&#8217;S<\/h1>\n<p>[\/et_pb_text][et_pb_text _builder_version=&#8221;4.27.4&#8243; _module_preset=&#8221;default&#8221; header_4_text_align=&#8221;center&#8221; header_4_text_color=&#8221;#A67C00&#8243; header_4_font_size=&#8221;20px&#8221; header_4_line_height=&#8221;1.3em&#8221; global_colors_info=&#8221;{}&#8221;]<\/p>\n<h4><span>DRIVER \u2013 VEHICLE<\/span><\/h4>\n<p>[\/et_pb_text][et_pb_accordion open_toggle_text_color=&#8221;#A67C00&#8243; closed_toggle_background_color=&#8221;rgba(18,19,48,0.71)&#8221; icon_color=&#8221;#FFFFFF&#8221; _builder_version=&#8221;4.27.4&#8243; _module_preset=&#8221;default&#8221; toggle_text_color=&#8221;#FFFFFF&#8221; toggle_line_height=&#8221;1.3em&#8221; custom_css_toggle=&#8221;margin-bottom:1%;&#8221; border_radii=&#8221;on|5px|5px|5px|5px&#8221; border_color_all=&#8221;#121330&#8243; global_colors_info=&#8221;{}&#8221;][et_pb_accordion_item _builder_version=&#8221;4.27.4&#8243; _module_preset=&#8221;default&#8221; custom_css_main_element=&#8221;display:none;&#8221; global_colors_info=&#8221;{}&#8221; open=&#8221;on&#8221;][\/et_pb_accordion_item][et_pb_accordion_item title=&#8221;What are the requirements for renting a car?&#8221; open=&#8221;off&#8221; _builder_version=&#8221;4.27.4&#8243; _module_preset=&#8221;default&#8221; global_colors_info=&#8221;{}&#8221;]<\/p>\n<p><span>To be able to rent a vehicle with Luz Ocean Drive, the customer must present: &#8211; Valid Citizenship Card (EU) \/ Valid Passport &#8211; Valid Driving License issued more than 1 year ago by a member state of the European Union, or by states adhering to the Conventions International Conferences on Road Circulation (Geneva in 1949 and Vienna in 1968) and also Andorra, Angola, Brazil, United Arab Emirates, Morocco, Mozambique, S\u00e3o Tom\u00e9 and Pr\u00edncipe and Switzerland. &#8211; Credit card in the name of the main driver with a limit sufficient to cover the amount of Damage Liability. <\/span><\/p>\n<p>[\/et_pb_accordion_item][et_pb_accordion_item title=&#8221;What is the minimum and maximum age to rent a car?&#8221; _builder_version=&#8221;4.27.4&#8243; _module_preset=&#8221;default&#8221; global_colors_info=&#8221;{}&#8221; open=&#8221;off&#8221;]<\/p>\n<p><span>There is no maximum age. The minimum age allowed to rent a vehicle is 21 years old. Drivers aged between 21 and 23 years old (inclusive) are subject to a Young Driver Fee.  <\/span><\/p>\n<p>[\/et_pb_accordion_item][et_pb_accordion_item title=&#8221;Can the rental vehicle be driven by someone other than me?&#8221; _builder_version=&#8221;4.27.4&#8243; _module_preset=&#8221;default&#8221; global_colors_info=&#8221;{}&#8221; open=&#8221;off&#8221;]<\/p>\n<p><span>If you want another person to drive the same vehicle, you must request the inclusion of an additional driver when collecting the vehicle, requiring their presence and presentation of their identification documents and driving license. This service will have an additional cost according to the current rate. <\/span><\/p>\n<p>[\/et_pb_accordion_item][et_pb_accordion_item title=&#8221;Can I return the vehicle later than the time specified in the contract?&#8221; _builder_version=&#8221;4.27.4&#8243; _module_preset=&#8221;default&#8221; global_colors_info=&#8221;{}&#8221; open=&#8221;off&#8221;]<\/p>\n<p>If you return the vehicle later than the time stipulated on the contract, you will be charged an additional daily amount based on our price list, to be consulted at the counter (this amount also includes the additional value of all extra products purchased at the beginning of the contract)<\/p>\n<p>It should be noted that our contracts provide for a 30-minute delay period, after which the additional value corresponds to 24-hour periods of the National Over-the-Counter Tariff in force.<\/p>\n<p>[\/et_pb_accordion_item][et_pb_accordion_item title=&#8221;If I return the car early, can I get my rental money back?&#8221; _builder_version=&#8221;4.27.4&#8243; _module_preset=&#8221;default&#8221; global_colors_info=&#8221;{}&#8221; open=&#8221;off&#8221;]<\/p>\n<p><span>If you return the vehicle before the date mentioned in the rental contract, you will not be entitled to any refund. This is because our vehicles are blocked on a date, time and location defined by you when booking, so we are unable to guarantee that these vehicles will be re-rented to new customers on the days you did not use them. <\/span><\/p>\n<p>[\/et_pb_accordion_item][et_pb_accordion_item title=&#8221;Can you smoke inside vehicles?&#8221; _builder_version=&#8221;4.27.4&#8243; _module_preset=&#8221;default&#8221; global_colors_info=&#8221;{}&#8221; open=&#8221;off&#8221;]<\/p>\n<p><span>You cannot smoke inside all Vehicles. The verification of signs in the vehicle that demonstrate such conduct determines the payment by the customer of a \u20ac50 penalty fee. <\/span><\/p>\n<p>[\/et_pb_accordion_item][et_pb_accordion_item title=&#8221;Can I choose a specific vehicle from a certain group?&#8221; _builder_version=&#8221;4.27.4&#8243; _module_preset=&#8221;default&#8221; global_colors_info=&#8221;{}&#8221; open=&#8221;off&#8221;]<\/p>\n<p><span>The reservation confirmation is not necessarily linked to a specific vehicle (model make, color, equipment, etc.), but rather to a group of vehicles with similar technical characteristics and habitability. If a model from the selected group is not available, one from a higher category will be delivered. <\/span><\/p>\n<p>[\/et_pb_accordion_item][\/et_pb_accordion][et_pb_text _builder_version=&#8221;4.27.4&#8243; _module_preset=&#8221;default&#8221; header_4_text_align=&#8221;center&#8221; header_4_text_color=&#8221;#A67C00&#8243; header_4_font_size=&#8221;20px&#8221; header_4_line_height=&#8221;1.3em&#8221; global_colors_info=&#8221;{}&#8221;]<\/p>\n<h4><span>PRICES, INSURANCE &amp; COVERAGE<\/span><\/h4>\n<p>[\/et_pb_text][et_pb_accordion open_toggle_text_color=&#8221;#A67C00&#8243; closed_toggle_background_color=&#8221;rgba(18,19,48,0.71)&#8221; icon_color=&#8221;#FFFFFF&#8221; _builder_version=&#8221;4.27.4&#8243; _module_preset=&#8221;default&#8221; toggle_text_color=&#8221;#FFFFFF&#8221; toggle_line_height=&#8221;1.3em&#8221; custom_css_toggle=&#8221;margin-bottom:1%;&#8221; border_radii=&#8221;on|5px|5px|5px|5px&#8221; border_color_all=&#8221;#121330&#8243; global_colors_info=&#8221;{}&#8221;][et_pb_accordion_item _builder_version=&#8221;4.27.4&#8243; _module_preset=&#8221;default&#8221; custom_css_main_element=&#8221;display:none;&#8221; global_colors_info=&#8221;{}&#8221; open=&#8221;on&#8221;][\/et_pb_accordion_item][et_pb_accordion_item title=&#8221;What do the prices shown include?&#8221; open=&#8221;off&#8221; _builder_version=&#8221;4.27.4&#8243; _module_preset=&#8221;default&#8221; global_colors_info=&#8221;{}&#8221;]<\/p>\n<p>Damage Liability is the amount for which the customer is responsible in the event of damage to the vehicle during the rental, which is not attributed to third parties (known as &#8220;deductible&#8221;). This is the maximum amount that the customer will have to bear for damage caused to the vehicle (without a third party responsible) when all contractual clauses are met. The value of Damage Liability varies depending on the type of vehicle and can be canceled by contracting the Damage Coverage Service (SuperCDW) &#8211; tires, windows and locks excluded.  <\/p>\n<p>[\/et_pb_accordion_item][et_pb_accordion_item title=&#8221;What is the Damage Liability?&#8221; _builder_version=&#8221;4.27.4&#8243; _module_preset=&#8221;default&#8221; global_colors_info=&#8221;{}&#8221; open=&#8221;off&#8221;]Damage Liability is the amount for which the customer is responsible in the event of damage to the vehicle during the rental, which is not attributed to third parties (known as &#8220;deductible&#8221;). This is the maximum amount that the customer will have to bear for damage caused to the vehicle (without a third party responsible) when all contractual clauses are met. The value of Damage Liability varies depending on the type of vehicle and can be canceled by contracting the Damage Coverage Service (SuperCDW) &#8211; tires, windows and locks excluded.[\/et_pb_accordion_item][\/et_pb_accordion][et_pb_text _builder_version=&#8221;4.27.4&#8243; _module_preset=&#8221;default&#8221; header_font=&#8221;|||on|||||&#8221; header_4_font=&#8221;|||on|||||&#8221; header_4_text_align=&#8221;center&#8221; header_4_text_color=&#8221;#A67C00&#8243; header_4_font_size=&#8221;20px&#8221; header_4_line_height=&#8221;1.3em&#8221; global_colors_info=&#8221;{}&#8221;]<\/p>\n<h4><span>Car Pick Up \u2013 Faro Airport<\/span><\/h4>\n<p>[\/et_pb_text][et_pb_accordion open_toggle_text_color=&#8221;#A67C00&#8243; closed_toggle_background_color=&#8221;rgba(18,19,48,0.71)&#8221; icon_color=&#8221;#FFFFFF&#8221; _builder_version=&#8221;4.27.4&#8243; _module_preset=&#8221;default&#8221; toggle_text_color=&#8221;#FFFFFF&#8221; toggle_line_height=&#8221;1.3em&#8221; custom_css_toggle=&#8221;margin-bottom:1%;&#8221; border_radii=&#8221;on|5px|5px|5px|5px&#8221; border_color_all=&#8221;#121330&#8243; global_colors_info=&#8221;{}&#8221;][et_pb_accordion_item title_last_edited=&#8221;off|desktop&#8221; _builder_version=&#8221;4.27.4&#8243; _module_preset=&#8221;default&#8221; custom_css_main_element=&#8221;display:none;&#8221; global_colors_info=&#8221;{}&#8221; open=&#8221;on&#8221;][\/et_pb_accordion_item][et_pb_accordion_item title=&#8221;What is the procedure to collect the vehicle at Faro Airport?&#8221; open=&#8221;off&#8221; _builder_version=&#8221;4.27.4&#8243; _module_preset=&#8221;default&#8221; global_colors_info=&#8221;{}&#8221;]After collecting your luggage, walk to Park 4 (P4). You will find a counter with several car rental companies, where you will find one of our team members. If you have difficulty reaching our team, please contact +351 926 791 171. When booking, it is important to provide your arrival flight number, so that we can monitor any delays.[\/et_pb_accordion_item][\/et_pb_accordion][et_pb_text _builder_version=&#8221;4.27.4&#8243; _module_preset=&#8221;default&#8221; header_4_font=&#8221;|||on|||||&#8221; header_4_text_align=&#8221;center&#8221; header_4_text_color=&#8221;#A67C00&#8243; header_4_font_size=&#8221;20px&#8221; header_4_line_height=&#8221;1.3em&#8221; global_colors_info=&#8221;{}&#8221;]<\/p>\n<h4><span>Car Pick Up \u2013 Offices and Other Locations<\/span><\/h4>\n<p>[\/et_pb_text][et_pb_accordion open_toggle_text_color=&#8221;#A67C00&#8243; closed_toggle_background_color=&#8221;rgba(18,19,48,0.71)&#8221; icon_color=&#8221;#FFFFFF&#8221; _builder_version=&#8221;4.27.4&#8243; _module_preset=&#8221;default&#8221; toggle_text_color=&#8221;#FFFFFF&#8221; toggle_line_height=&#8221;1.3em&#8221; custom_css_toggle=&#8221;margin-bottom:1%;&#8221; border_radii=&#8221;on|5px|5px|5px|5px&#8221; border_color_all=&#8221;#121330&#8243; global_colors_info=&#8221;{}&#8221;][et_pb_accordion_item _builder_version=&#8221;4.27.4&#8243; _module_preset=&#8221;default&#8221; custom_css_main_element=&#8221;display:none;&#8221; global_colors_info=&#8221;{}&#8221; open=&#8221;on&#8221;][\/et_pb_accordion_item][et_pb_accordion_item title=&#8221;What is the procedure for deliveries\/returns to other locations?&#8221; open=&#8221;off&#8221; _builder_version=&#8221;4.27.4&#8243; _module_preset=&#8221;default&#8221; global_colors_info=&#8221;{}&#8221;]If you would like the vehicle to be delivered to your accommodation (only in the Algarve) please contact us by phone +351 282 247 399. Delivery of the vehicle to your accommodation is subject to an additional fee and availability.[\/et_pb_accordion_item][\/et_pb_accordion][et_pb_text _builder_version=&#8221;4.27.4&#8243; _module_preset=&#8221;default&#8221; header_4_font=&#8221;|||on|||||&#8221; header_4_text_align=&#8221;center&#8221; header_4_text_color=&#8221;#A67C00&#8243; header_4_font_size=&#8221;20px&#8221; header_4_line_height=&#8221;1.3em&#8221; global_colors_info=&#8221;{}&#8221;]<\/p>\n<h4>Tolls<\/h4>\n<p>[\/et_pb_text][et_pb_accordion open_toggle_text_color=&#8221;#A67C00&#8243; closed_toggle_background_color=&#8221;rgba(18,19,48,0.71)&#8221; icon_color=&#8221;#FFFFFF&#8221; _builder_version=&#8221;4.27.4&#8243; _module_preset=&#8221;default&#8221; toggle_text_color=&#8221;#FFFFFF&#8221; toggle_line_height=&#8221;1.3em&#8221; custom_css_toggle=&#8221;margin-bottom:1%;&#8221; border_radii=&#8221;on|5px|5px|5px|5px&#8221; border_color_all=&#8221;#121330&#8243; global_colors_info=&#8221;{}&#8221;][et_pb_accordion_item _builder_version=&#8221;4.27.4&#8243; _module_preset=&#8221;default&#8221; custom_css_main_element=&#8221;display:none;&#8221; global_colors_info=&#8221;{}&#8221; open=&#8221;on&#8221;][\/et_pb_accordion_item][et_pb_accordion_item title=&#8221;How to pay tolls?&#8221; _builder_version=&#8221;4.27.4&#8243; _module_preset=&#8221;default&#8221; global_colors_info=&#8221;{}&#8221; open=&#8221;off&#8221;]Tolls for freeway crossings associated with the rental contract are processed at the end of the rental and up to 120 days afterwards (due to delays in the freeway concessionaires&#8217; system). The amount calculated at the end of the rental will be charged to the credit card associated with the rental on record. In the event that the card cannot be charged, the driver&#8217;s data will be shared with the concessionaires so that they can notify the driver to collect the toll.[\/et_pb_accordion_item][et_pb_accordion_item title=&#8221;How does the E-Toll Toll service work?&#8221; open=&#8221;off&#8221; _builder_version=&#8221;4.27.4&#8243; _module_preset=&#8221;default&#8221; global_colors_info=&#8221;{}&#8221;]Adhere to the E-Toll activation device at the beginning of your rental contract in order to avoid fines and notifications. According to Portuguese law, all rental vehicles are equipped with ViaVerde devices for toll processing. The customer is responsible for paying the toll amount to the rental company. For the management, processing and collection of tolls, the rental company charges a fee called ETOLL.[\/et_pb_accordion_item][\/et_pb_accordion][et_pb_text _builder_version=&#8221;4.27.4&#8243; _module_preset=&#8221;default&#8221; header_4_font=&#8221;|||on|||||&#8221; header_4_text_align=&#8221;center&#8221; header_4_text_color=&#8221;#A67C00&#8243; header_4_font_size=&#8221;20px&#8221; header_4_line_height=&#8221;1.3em&#8221; global_colors_info=&#8221;{}&#8221;]<\/p>\n<h4>Fuel Policy<\/h4>\n<p>[\/et_pb_text][et_pb_accordion open_toggle_text_color=&#8221;#A67C00&#8243; closed_toggle_background_color=&#8221;rgba(18,19,48,0.71)&#8221; icon_color=&#8221;#FFFFFF&#8221; _builder_version=&#8221;4.27.4&#8243; _module_preset=&#8221;default&#8221; toggle_text_color=&#8221;#FFFFFF&#8221; toggle_line_height=&#8221;1.3em&#8221; hover_enabled=&#8221;0&#8243; custom_css_toggle=&#8221;margin-bottom:1%;&#8221; border_radii=&#8221;on|5px|5px|5px|5px&#8221; border_color_all=&#8221;#121330&#8243; global_colors_info=&#8221;{}&#8221; sticky_enabled=&#8221;0&#8243;][et_pb_accordion_item _builder_version=&#8221;4.27.4&#8243; _module_preset=&#8221;default&#8221; custom_css_main_element=&#8221;display:none;&#8221; hover_enabled=&#8221;0&#8243; sticky_enabled=&#8221;0&#8243;][\/et_pb_accordion_item][et_pb_accordion_item title=&#8221;What is the Fuel policy?&#8221; open=&#8221;on&#8221; _builder_version=&#8221;4.27.4&#8243; _module_preset=&#8221;default&#8221; global_colors_info=&#8221;{}&#8221;]<\/p>\n<p><span>What is the Fuel policy?<br \/>Luz Ocean Drive practices a fair fuel policy. The customer must return the vehicle with the same fuel level as received. Fuel differences will be charged: 1\/8 difference -&gt;(Group, A,,D,D1,E &amp; J) \u20ac15 and (Group F,J1,J2,L,L1,H,H1 &amp; Groups M&#8217;s) \u20ac 20. Returning the vehicle with more fuel does not entitle you to a refund of the amount.   <\/span><\/p>\n<p>[\/et_pb_accordion_item][\/et_pb_accordion][et_pb_text _builder_version=&#8221;4.27.4&#8243; _module_preset=&#8221;default&#8221; header_4_font=&#8221;|||on|||||&#8221; header_4_text_align=&#8221;center&#8221; header_4_text_color=&#8221;#A67C00&#8243; header_4_font_size=&#8221;20px&#8221; header_4_line_height=&#8221;1.3em&#8221; global_colors_info=&#8221;{}&#8221;]<\/p>\n<h4><span>Damages\/Accidents<\/span><\/h4>\n<p>[\/et_pb_text][et_pb_accordion open_toggle_text_color=&#8221;#A67C00&#8243; closed_toggle_background_color=&#8221;rgba(18,19,48,0.71)&#8221; icon_color=&#8221;#FFFFFF&#8221; _builder_version=&#8221;4.27.4&#8243; _module_preset=&#8221;default&#8221; toggle_text_color=&#8221;#FFFFFF&#8221; toggle_line_height=&#8221;1.3em&#8221; custom_css_toggle=&#8221;margin-bottom:1%;&#8221; border_radii=&#8221;on|5px|5px|5px|5px&#8221; border_color_all=&#8221;#121330&#8243; global_colors_info=&#8221;{}&#8221;][et_pb_accordion_item _builder_version=&#8221;4.27.4&#8243; _module_preset=&#8221;default&#8221; custom_css_main_element=&#8221;display:none;&#8221; global_colors_info=&#8221;{}&#8221; open=&#8221;on&#8221;][\/et_pb_accordion_item][et_pb_accordion_item title=&#8221;How are Damages processed?&#8221; open=&#8221;off&#8221; _builder_version=&#8221;4.27.4&#8243; _module_preset=&#8221;default&#8221; global_colors_info=&#8221;{}&#8221;]A joint damage check is carried out at the start of the rental and a joint check at the end of the rental. Damages recorded in the final check are the responsibility of the customer in accordance with the Terms and Conditions and the cover taken out.[\/et_pb_accordion_item][et_pb_accordion_item title=&#8221;Insurance taken out with a third party, how are damages processed?&#8221; _builder_version=&#8221;4.27.4&#8243; _module_preset=&#8221;default&#8221; global_colors_info=&#8221;{}&#8221; open=&#8221;off&#8221;]<\/p>\n<p>Insurance taken out with a third party is reimbursement insurance, meaning that the customer is responsible for paying for damage to the vehicle that occurred during the rental, and can then submit a reimbursement request to the insurer.<\/p>\n<p>[\/et_pb_accordion_item][et_pb_accordion_item title=&#8221;What to do in case of an accident?&#8221; _builder_version=&#8221;4.27.4&#8243; _module_preset=&#8221;default&#8221; global_colors_info=&#8221;{}&#8221; open=&#8221;off&#8221;]<\/p>\n<p>You must complete the friendly declaration provided with the contract documentation, paying attention to its completion. It is important that all fields are correctly filled in and that the declaration is signed by the parties involved in the accident, so that it can be claimed from the insurance company. Whenever there is disagreement between the parties, the competent authorities must be called to prepare a police report.  <\/p>\n<p>In both cases, the driver must deliver all documentation relating to the accident, as well as our vehicle in their possession, to a YNOT station in order to resolve the process as quickly as possible. An email contact must also be provided, so that information regarding the completion of the process can be sent. <\/p>\n<p>[\/et_pb_accordion_item][\/et_pb_accordion][et_pb_text _builder_version=&#8221;4.27.4&#8243; _module_preset=&#8221;default&#8221; header_4_font=&#8221;|||on|||||&#8221; header_4_text_align=&#8221;center&#8221; header_4_text_color=&#8221;#A67C00&#8243; header_4_font_size=&#8221;20px&#8221; header_4_line_height=&#8221;1.3em&#8221; global_colors_info=&#8221;{}&#8221;]<\/p>\n<h4>PAYMENTS<\/h4>\n<p>[\/et_pb_text][et_pb_accordion open_toggle_text_color=&#8221;#A67C00&#8243; closed_toggle_background_color=&#8221;rgba(18,19,48,0.71)&#8221; icon_color=&#8221;#FFFFFF&#8221; _builder_version=&#8221;4.27.4&#8243; _module_preset=&#8221;default&#8221; toggle_text_color=&#8221;#FFFFFF&#8221; toggle_line_height=&#8221;1.3em&#8221; custom_css_toggle=&#8221;margin-bottom:1%;&#8221; border_radii=&#8221;on|5px|5px|5px|5px&#8221; border_color_all=&#8221;#121330&#8243; global_colors_info=&#8221;{}&#8221;][et_pb_accordion_item _builder_version=&#8221;4.27.4&#8243; _module_preset=&#8221;default&#8221; custom_css_main_element=&#8221;display:none;&#8221; global_colors_info=&#8221;{}&#8221; open=&#8221;on&#8221;][\/et_pb_accordion_item][et_pb_accordion_item title=&#8221;What Types of Payments are Accepted?&#8221; open=&#8221;off&#8221; _builder_version=&#8221;4.27.4&#8243; _module_preset=&#8221;default&#8221; global_colors_info=&#8221;{}&#8221;]We accept credit cards (VISA and MasterCard), Multibanco, MBWay and cash as payment for the rental. A credit authorization in the amount of the &#8220;Damage Liability&#8221; is required on a valid credit card (VISA or MasterCard) in the name of the main driver. We do not accept payments or deposits in American Express.[\/et_pb_accordion_item][et_pb_accordion_item title=&#8221;Why do they need to associate my card in the computer system?&#8221; _builder_version=&#8221;4.27.4&#8243; _module_preset=&#8221;default&#8221; global_colors_info=&#8221;{}&#8221; open=&#8221;off&#8221;]At the beginning of the rental we will link your credit card to our computer system in a totally secure and encrypted way. This makes it easier and safer for the customer to collect any amounts that may arise after the end of the rental (such as tolls, administrative fees, etc.).[\/et_pb_accordion_item][et_pb_accordion_item title=&#8221;At the end of the rental contract, the excess blocked on my credit card was cancelled, but my bank has not yet released the amount?&#8221; _builder_version=&#8221;4.27.4&#8243; _module_preset=&#8221;default&#8221; global_colors_info=&#8221;{}&#8221; open=&#8221;off&#8221;]According to information from RedUnicre (the entity that manages credit card transactions in Portugal), cancellations made at the ATM terminal are made in real time to the issuing bank. Proof of this is that the bank accepts the cancellation request and issues the cancellation slip as proof of the transaction. International best practice dictates, according to Visa and Mastercard rules, that the issuing banks have between 24 and 48 hours to reflect the cancellation request on the card statement\/account.<br \/>\nWhenever there are exceptions to the above deadlines, the cardholder should contact us.[\/et_pb_accordion_item][\/et_pb_accordion][\/et_pb_column][\/et_pb_row][\/et_pb_section]<\/p>\n","protected":false},"excerpt":{"rendered":"<p>FAQ&#8217;SDRIVER \u2013 VEHICLETo be able to rent a vehicle with Luz Ocean Drive, the customer must present: &#8211; Valid Citizenship Card (EU) \/ Valid Passport &#8211; Valid Driving License issued more than 1 year ago by a member state of the European Union, or by states adhering to the Conventions International Conferences on Road Circulation [&hellip;]<\/p>\n","protected":false},"author":1,"featured_media":0,"parent":0,"menu_order":0,"comment_status":"closed","ping_status":"closed","template":"","meta":{"_et_pb_use_builder":"on","_et_pb_old_content":"","_et_gb_content_width":"","footnotes":""},"class_list":["post-1002","page","type-page","status-publish","hentry"],"_links":{"self":[{"href":"https:\/\/www.luzoceandrive.com\/en\/wp-json\/wp\/v2\/pages\/1002","targetHints":{"allow":["GET"]}}],"collection":[{"href":"https:\/\/www.luzoceandrive.com\/en\/wp-json\/wp\/v2\/pages"}],"about":[{"href":"https:\/\/www.luzoceandrive.com\/en\/wp-json\/wp\/v2\/types\/page"}],"author":[{"embeddable":true,"href":"https:\/\/www.luzoceandrive.com\/en\/wp-json\/wp\/v2\/users\/1"}],"replies":[{"embeddable":true,"href":"https:\/\/www.luzoceandrive.com\/en\/wp-json\/wp\/v2\/comments?post=1002"}],"version-history":[{"count":11,"href":"https:\/\/www.luzoceandrive.com\/en\/wp-json\/wp\/v2\/pages\/1002\/revisions"}],"predecessor-version":[{"id":1017,"href":"https:\/\/www.luzoceandrive.com\/en\/wp-json\/wp\/v2\/pages\/1002\/revisions\/1017"}],"wp:attachment":[{"href":"https:\/\/www.luzoceandrive.com\/en\/wp-json\/wp\/v2\/media?parent=1002"}],"curies":[{"name":"wp","href":"https:\/\/api.w.org\/{rel}","templated":true}]}}